{"id":379,"date":"2023-06-02T10:02:05","date_gmt":"2023-06-02T08:02:05","guid":{"rendered":"https:\/\/middelfartcykeludlejning.dk\/?page_id=379"},"modified":"2026-02-12T09:35:04","modified_gmt":"2026-02-12T08:35:04","slug":"elementor-379","status":"publish","type":"page","link":"https:\/\/middelfartcykeludlejning.dk\/?page_id=379","title":{"rendered":"Standardcykel &#8211; 150 kr\/dag"},"content":{"rendered":"\t\t<div data-elementor-type=\"wp-page\" data-elementor-id=\"379\" class=\"elementor elementor-379\">\n\t\t\t\t\t\t\t\t\t<section class=\"elementor-section elementor-top-section elementor-element elementor-element-828b975 elementor-section-boxed elementor-section-height-default elementor-section-height-default\" data-id=\"828b975\" data-element_type=\"section\">\n\t\t\t\t\t\t<div class=\"elementor-container elementor-column-gap-default\">\n\t\t\t\t\t<div class=\"elementor-column elementor-col-100 elementor-top-column elementor-element elementor-element-b152994\" data-id=\"b152994\" data-element_type=\"column\">\n\t\t\t<div class=\"elementor-widget-wrap elementor-element-populated\">\n\t\t\t\t\t\t\t\t<div class=\"elementor-element elementor-element-87a9000 elementor-widget elementor-widget-image\" data-id=\"87a9000\" data-element_type=\"widget\" data-widget_type=\"image.default\">\n\t\t\t\t<div class=\"elementor-widget-container\">\n\t\t\t<style>\/*! elementor - v3.13.3 - 28-05-2023 *\/\n.elementor-widget-image{text-align:center}.elementor-widget-image a{display:inline-block}.elementor-widget-image a img[src$=\".svg\"]{width:48px}.elementor-widget-image img{vertical-align:middle;display:inline-block}<\/style>\t\t\t\t\t\t\t\t\t\t\t\t<img loading=\"lazy\" decoding=\"async\" width=\"960\" height=\"640\" src=\"https:\/\/middelfartcykeludlejning.dk\/wp-content\/uploads\/2023\/06\/LB_L4060-1024x683.jpg\" class=\"attachment-large size-large wp-image-381\" alt=\"Lej cykel i Middelfart\" srcset=\"https:\/\/middelfartcykeludlejning.dk\/wp-content\/uploads\/2023\/06\/LB_L4060-1024x683.jpg 1024w, https:\/\/middelfartcykeludlejning.dk\/wp-content\/uploads\/2023\/06\/LB_L4060-300x200.jpg 300w, https:\/\/middelfartcykeludlejning.dk\/wp-content\/uploads\/2023\/06\/LB_L4060-768x512.jpg 768w, https:\/\/middelfartcykeludlejning.dk\/wp-content\/uploads\/2023\/06\/LB_L4060-1536x1024.jpg 1536w, https:\/\/middelfartcykeludlejning.dk\/wp-content\/uploads\/2023\/06\/LB_L4060-2048x1365.jpg 2048w, https:\/\/middelfartcykeludlejning.dk\/wp-content\/uploads\/2023\/06\/LB_L4060-18x12.jpg 18w\" sizes=\"auto, (max-width: 960px) 100vw, 960px\" \/>\t\t\t\t\t\t\t\t\t\t\t\t\t\t\t<\/div>\n\t\t\t\t<\/div>\n\t\t\t\t\t<\/div>\n\t\t<\/div>\n\t\t\t\t\t\t\t<\/div>\n\t\t<\/section>\n\t\t\t\t<section class=\"elementor-section elementor-top-section elementor-element elementor-element-ce5ffa1 elementor-section-boxed elementor-section-height-default elementor-section-height-default\" data-id=\"ce5ffa1\" data-element_type=\"section\">\n\t\t\t\t\t\t<div class=\"elementor-container elementor-column-gap-default\">\n\t\t\t\t\t<div class=\"elementor-column elementor-col-100 elementor-top-column elementor-element elementor-element-6e3fffa\" data-id=\"6e3fffa\" data-element_type=\"column\">\n\t\t\t<div class=\"elementor-widget-wrap elementor-element-populated\">\n\t\t\t\t\t\t\t\t<div class=\"elementor-element elementor-element-9a21274 elementor-widget elementor-widget-text-editor\" data-id=\"9a21274\" data-element_type=\"widget\" data-widget_type=\"text-editor.default\">\n\t\t\t\t<div class=\"elementor-widget-container\">\n\t\t\t<style>\/*! elementor - v3.13.3 - 28-05-2023 *\/\n.elementor-widget-text-editor.elementor-drop-cap-view-stacked .elementor-drop-cap{background-color:#69727d;color:#fff}.elementor-widget-text-editor.elementor-drop-cap-view-framed .elementor-drop-cap{color:#69727d;border:3px solid;background-color:transparent}.elementor-widget-text-editor:not(.elementor-drop-cap-view-default) .elementor-drop-cap{margin-top:8px}.elementor-widget-text-editor:not(.elementor-drop-cap-view-default) .elementor-drop-cap-letter{width:1em;height:1em}.elementor-widget-text-editor .elementor-drop-cap{float:left;text-align:center;line-height:1;font-size:50px}.elementor-widget-text-editor .elementor-drop-cap-letter{display:inline-block}<\/style>\t\t\t\t<p>Standardcyklen er perfekt til korte cykelture i Middelfart.<\/p><p><img decoding=\"async\" class=\"emoji\" role=\"img\" draggable=\"false\" src=\"https:\/\/s.w.org\/images\/core\/emoji\/14.0.0\/svg\/2699.svg\" alt=\"\u2699\ufe0f\" \/> Cyklen har 3 gear<br \/><img decoding=\"async\" class=\"emoji\" role=\"img\" draggable=\"false\" src=\"https:\/\/s.w.org\/images\/core\/emoji\/14.0.0\/svg\/1f4cf.svg\" alt=\"\ud83d\udccf\" \/> S\u00e6deh\u00f8jden kan let indstilles, s\u00e5 den passer fra 150-190 cm<br \/><img decoding=\"async\" class=\"emoji\" role=\"img\" draggable=\"false\" src=\"https:\/\/s.w.org\/images\/core\/emoji\/14.0.0\/svg\/1f4b0.svg\" alt=\"\ud83d\udcb0\" \/>\u00a0150 kr\/ dag. Kontant ved afhentning eller mobilepay<br \/><img decoding=\"async\" class=\"emoji\" role=\"img\" draggable=\"false\" src=\"https:\/\/s.w.org\/images\/core\/emoji\/14.0.0\/svg\/1fa96.svg\" alt=\"\ud83e\ude96\" \/> Cykelhjelm er inkluderet i prisen<br \/><img decoding=\"async\" class=\"emoji\" role=\"img\" draggable=\"false\" src=\"https:\/\/s.w.org\/images\/core\/emoji\/14.0.0\/svg\/1f17f.svg\" alt=\"\ud83c\udd7f\ufe0f\" \/> Gratis parkering ved Middelfart Cykeludlejning i vores bagg\u00e5rd Behrendtsvej 8, 5500 Middelfart<br \/><img decoding=\"async\" class=\"emoji\" role=\"img\" draggable=\"false\" src=\"https:\/\/s.w.org\/images\/core\/emoji\/14.0.0\/svg\/231a.svg\" alt=\"\u231a\" \/>\u00c5bningstider: Alle dage fra 8-20\u00a0<\/p><p><b>Leje af cykler sker via telefonisk henvendelse<\/b><\/p><p><b>Book din cykel nu:<\/b><br \/><a href=\"mailto:mail@middelfartcykeludlejning.dk\"><img decoding=\"async\" class=\"emoji\" role=\"img\" draggable=\"false\" src=\"https:\/\/s.w.org\/images\/core\/emoji\/14.0.0\/svg\/2709.svg\" alt=\"\u2709\ufe0f\" \/>mail@middelfartcykeludlejning.dk<\/a><br \/><img decoding=\"async\" class=\"emoji\" role=\"img\" draggable=\"false\" src=\"https:\/\/s.w.org\/images\/core\/emoji\/14.0.0\/svg\/260e.svg\" alt=\"\u260e\ufe0f\" \/><b>+4540519497<\/b><\/p><p><u>Leje af cykel er p\u00e5 eget ansvar<\/u><\/p>\t\t\t\t\t\t<\/div>\n\t\t\t\t<\/div>\n\t\t\t\t<div class=\"elementor-element elementor-element-ef8b679 elementor-button-danger elementor-widget elementor-widget-button\" data-id=\"ef8b679\" data-element_type=\"widget\" data-widget_type=\"button.default\">\n\t\t\t\t<div class=\"elementor-widget-container\">\n\t\t\t\t\t<div class=\"elementor-button-wrapper\">\n\t\t\t<a href=\"https:\/\/middelfartcykeludlejning.dk\/\" class=\"elementor-button-link elementor-button elementor-size-sm\" role=\"button\">\n\t\t\t\t\t\t<span class=\"elementor-button-content-wrapper\">\n\t\t\t\t\t\t<span class=\"elementor-button-text\">Tilbage til Hovedmenu<\/span>\n\t\t<\/span>\n\t\t\t\t\t<\/a>\n\t\t<\/div>\n\t\t\t\t<\/div>\n\t\t\t\t<\/div>\n\t\t\t\t<div class=\"elementor-element elementor-element-4e0a7c2 elementor-widget elementor-widget-google_maps\" data-id=\"4e0a7c2\" data-element_type=\"widget\" data-widget_type=\"google_maps.default\">\n\t\t\t\t<div class=\"elementor-widget-container\">\n\t\t\t<style>\/*! elementor - v3.13.3 - 28-05-2023 *\/\n.elementor-widget-google_maps .elementor-widget-container{overflow:hidden}.elementor-widget-google_maps .elementor-custom-embed{line-height:0}.elementor-widget-google_maps iframe{height:300px}<\/style>\t\t<div class=\"elementor-custom-embed\">\n\t\t\t<iframe loading=\"lazy\"\n\t\t\t\t\tsrc=\"https:\/\/maps.google.com\/maps?q=Behrendtsvej%208%2C%205500%20Middelfart&#038;t=m&#038;z=13&#038;output=embed&#038;iwloc=near\"\n\t\t\t\t\ttitle=\"Behrendtsvej 8, 5500 Middelfart\"\n\t\t\t\t\taria-label=\"Behrendtsvej 8, 5500 Middelfart\"\n\t\t\t><\/iframe>\n\t\t<\/div>\n\t\t\t\t<\/div>\n\t\t\t\t<\/div>\n\t\t\t\t\t<\/div>\n\t\t<\/div>\n\t\t\t\t\t\t\t<\/div>\n\t\t<\/section>\n\t\t\t\t\t\t\t<\/div>\n\t\t","protected":false},"excerpt":{"rendered":"<p>Standardcyklen er perfekt til korte cykelture i Middelfart. Cyklen har 3 gear S\u00e6deh\u00f8jden kan let indstilles, s\u00e5 den passer fra 150-190 cm\u00a0150 kr\/ dag. Kontant ved afhentning eller mobilepay Cykelhjelm er inkluderet i prisen Gratis parkering ved Middelfart Cykeludlejning i vores bagg\u00e5rd Behrendtsvej 8, 5500 Middelfart\u00c5bningstider: Alle dage fra 8-20\u00a0 Leje af cykler sker via [&hellip;]<\/p>\n","protected":false},"author":2,"featured_media":0,"parent":0,"menu_order":0,"comment_status":"closed","ping_status":"closed","template":"","meta":{"footnotes":""},"class_list":["post-379","page","type-page","status-publish","hentry"],"_links":{"self":[{"href":"https:\/\/middelfartcykeludlejning.dk\/index.php?rest_route=\/wp\/v2\/pages\/379","targetHints":{"allow":["GET"]}}],"collection":[{"href":"https:\/\/middelfartcykeludlejning.dk\/index.php?rest_route=\/wp\/v2\/pages"}],"about":[{"href":"https:\/\/middelfartcykeludlejning.dk\/index.php?rest_route=\/wp\/v2\/types\/page"}],"author":[{"embeddable":true,"href":"https:\/\/middelfartcykeludlejning.dk\/index.php?rest_route=\/wp\/v2\/users\/2"}],"replies":[{"embeddable":true,"href":"https:\/\/middelfartcykeludlejning.dk\/index.php?rest_route=%2Fwp%2Fv2%2Fcomments&post=379"}],"version-history":[{"count":50,"href":"https:\/\/middelfartcykeludlejning.dk\/index.php?rest_route=\/wp\/v2\/pages\/379\/revisions"}],"predecessor-version":[{"id":731,"href":"https:\/\/middelfartcykeludlejning.dk\/index.php?rest_route=\/wp\/v2\/pages\/379\/revisions\/731"}],"wp:attachment":[{"href":"https:\/\/middelfartcykeludlejning.dk\/index.php?rest_route=%2Fwp%2Fv2%2Fmedia&parent=379"}],"curies":[{"name":"wp","href":"https:\/\/api.w.org\/{rel}","templated":true}]}}