{"id":391,"date":"2023-06-02T10:43:28","date_gmt":"2023-06-02T08:43:28","guid":{"rendered":"https:\/\/middelfartcykeludlejning.dk\/?page_id=391"},"modified":"2026-02-12T09:36:43","modified_gmt":"2026-02-12T08:36:43","slug":"elcykel","status":"publish","type":"page","link":"https:\/\/middelfartcykeludlejning.dk\/?page_id=391","title":{"rendered":"Elcykel &#8211; 350kr\/dag"},"content":{"rendered":"\t\t<div data-elementor-type=\"wp-page\" data-elementor-id=\"391\" class=\"elementor elementor-391\">\n\t\t\t\t\t\t\t\t\t<section class=\"elementor-section elementor-top-section elementor-element elementor-element-b68e2e1 elementor-section-boxed elementor-section-height-default elementor-section-height-default\" data-id=\"b68e2e1\" data-element_type=\"section\">\n\t\t\t\t\t\t<div class=\"elementor-container elementor-column-gap-default\">\n\t\t\t\t\t<div class=\"elementor-column elementor-col-100 elementor-top-column elementor-element elementor-element-ddfb7cb\" data-id=\"ddfb7cb\" data-element_type=\"column\">\n\t\t\t<div class=\"elementor-widget-wrap elementor-element-populated\">\n\t\t\t\t\t\t\t\t<div class=\"elementor-element elementor-element-69bc6a9 elementor-widget elementor-widget-image\" data-id=\"69bc6a9\" data-element_type=\"widget\" data-widget_type=\"image.default\">\n\t\t\t\t<div class=\"elementor-widget-container\">\n\t\t\t<style>\/*! elementor - v3.13.3 - 28-05-2023 *\/\n.elementor-widget-image{text-align:center}.elementor-widget-image a{display:inline-block}.elementor-widget-image a img[src$=\".svg\"]{width:48px}.elementor-widget-image img{vertical-align:middle;display:inline-block}<\/style>\t\t\t\t\t\t\t\t\t\t\t\t<img loading=\"lazy\" decoding=\"async\" width=\"960\" height=\"640\" src=\"https:\/\/middelfartcykeludlejning.dk\/wp-content\/uploads\/2023\/05\/LB_L4072-1024x683.jpg\" class=\"attachment-large size-large wp-image-197\" alt=\"Middelfart Cykeludlejning elcykel\" srcset=\"https:\/\/middelfartcykeludlejning.dk\/wp-content\/uploads\/2023\/05\/LB_L4072-1024x683.jpg 1024w, https:\/\/middelfartcykeludlejning.dk\/wp-content\/uploads\/2023\/05\/LB_L4072-300x200.jpg 300w, https:\/\/middelfartcykeludlejning.dk\/wp-content\/uploads\/2023\/05\/LB_L4072-768x512.jpg 768w, https:\/\/middelfartcykeludlejning.dk\/wp-content\/uploads\/2023\/05\/LB_L4072-1536x1024.jpg 1536w, https:\/\/middelfartcykeludlejning.dk\/wp-content\/uploads\/2023\/05\/LB_L4072-2048x1365.jpg 2048w\" sizes=\"auto, (max-width: 960px) 100vw, 960px\" \/>\t\t\t\t\t\t\t\t\t\t\t\t\t\t\t<\/div>\n\t\t\t\t<\/div>\n\t\t\t\t\t<\/div>\n\t\t<\/div>\n\t\t\t\t\t\t\t<\/div>\n\t\t<\/section>\n\t\t\t\t<section class=\"elementor-section elementor-top-section elementor-element elementor-element-4218035 elementor-section-boxed elementor-section-height-default elementor-section-height-default\" data-id=\"4218035\" data-element_type=\"section\">\n\t\t\t\t\t\t<div class=\"elementor-container elementor-column-gap-default\">\n\t\t\t\t\t<div class=\"elementor-column elementor-col-100 elementor-top-column elementor-element elementor-element-62a2192\" data-id=\"62a2192\" data-element_type=\"column\">\n\t\t\t<div class=\"elementor-widget-wrap elementor-element-populated\">\n\t\t\t\t\t\t\t\t<div class=\"elementor-element elementor-element-9f0be20 elementor-widget elementor-widget-text-editor\" data-id=\"9f0be20\" data-element_type=\"widget\" data-widget_type=\"text-editor.default\">\n\t\t\t\t<div class=\"elementor-widget-container\">\n\t\t\t<style>\/*! elementor - v3.13.3 - 28-05-2023 *\/\n.elementor-widget-text-editor.elementor-drop-cap-view-stacked .elementor-drop-cap{background-color:#69727d;color:#fff}.elementor-widget-text-editor.elementor-drop-cap-view-framed .elementor-drop-cap{color:#69727d;border:3px solid;background-color:transparent}.elementor-widget-text-editor:not(.elementor-drop-cap-view-default) .elementor-drop-cap{margin-top:8px}.elementor-widget-text-editor:not(.elementor-drop-cap-view-default) .elementor-drop-cap-letter{width:1em;height:1em}.elementor-widget-text-editor .elementor-drop-cap{float:left;text-align:center;line-height:1;font-size:50px}.elementor-widget-text-editor .elementor-drop-cap-letter{display:inline-block}<\/style>\t\t\t\t<p><span style=\"font-weight: bolder;\"><span style=\"font-size: 1rem;\">Lej en elcykel i Middelfart<\/span>&nbsp;<\/span><br>Oplev Middelfart og omegn p\u00e5 vores komfortable elcykler. Alle elcykler er damemodeller, hvilket g\u00f8r dem lette at stige af og p\u00e5, og sikrer en behagelig cykeltur.<\/p>\n<p><img decoding=\"async\" class=\"emoji\" role=\"img\" draggable=\"false\" src=\"https:\/\/s.w.org\/images\/core\/emoji\/14.0.0\/svg\/1f50b.svg\" alt=\"\ud83d\udd0b\"> Op til 30 km p\u00e5 en opladning<br><img decoding=\"async\" class=\"emoji\" role=\"img\" draggable=\"false\" src=\"https:\/\/s.w.org\/images\/core\/emoji\/14.0.0\/svg\/1f4cf.svg\" alt=\"\ud83d\udccf\">&nbsp;Elcyklerne passer personer mellem 160-180 cm<br><img decoding=\"async\" class=\"emoji\" role=\"img\" draggable=\"false\" src=\"https:\/\/s.w.org\/images\/core\/emoji\/14.0.0\/svg\/1f4b0.svg\" alt=\"\ud83d\udcb0\">&nbsp;350 kr\/ dag. Kontant ved afhentning eller mobilepay<br><img decoding=\"async\" class=\"emoji\" role=\"img\" draggable=\"false\" src=\"https:\/\/s.w.org\/images\/core\/emoji\/14.0.0\/svg\/1fa96.svg\" alt=\"\ud83e\ude96\">&nbsp;Cykelhjelm er inkluderet i prisen<br><img decoding=\"async\" class=\"emoji\" role=\"img\" draggable=\"false\" src=\"https:\/\/s.w.org\/images\/core\/emoji\/14.0.0\/svg\/1f17f.svg\" alt=\"\ud83c\udd7f\ufe0f\">&nbsp;Gratis parkering ved Middelfart Cykeludlejning i vores bagg\u00e5rd Behrendtsvej 8, 5500 Middelfart<br><img decoding=\"async\" class=\"emoji\" role=\"img\" draggable=\"false\" src=\"https:\/\/s.w.org\/images\/core\/emoji\/14.0.0\/svg\/231a.svg\" alt=\"\u231a\">\u00c5bningstider: Alle dage fra 8-20<\/p>\n<p><span style=\"font-weight: 700;\">Leje af cykler sker via telefonisk henvendelse<\/span><\/p>\n<p><span style=\"font-weight: bolder;\">Book din elcykel nu:<\/span><br><a href=\"mailto:mail@middelfartcykeludlejning.dk\"><img decoding=\"async\" class=\"emoji\" role=\"img\" draggable=\"false\" src=\"https:\/\/s.w.org\/images\/core\/emoji\/14.0.0\/svg\/2709.svg\" alt=\"\u2709\ufe0f\">mail@middelfartcykeludlejning.dk<\/a><br><img decoding=\"async\" class=\"emoji\" role=\"img\" draggable=\"false\" src=\"https:\/\/s.w.org\/images\/core\/emoji\/14.0.0\/svg\/260e.svg\" alt=\"\u260e\ufe0f\"><span style=\"font-weight: bolder;\">+4540519497<\/span><\/p>\n<p><u style=\"font-size: 1rem;\">Leje af elcykel er p\u00e5 eget ansvar<\/u><\/p>\t\t\t\t\t\t<\/div>\n\t\t\t\t<\/div>\n\t\t\t\t<div class=\"elementor-element elementor-element-1d04d13 elementor-button-danger elementor-widget elementor-widget-button\" data-id=\"1d04d13\" data-element_type=\"widget\" data-widget_type=\"button.default\">\n\t\t\t\t<div class=\"elementor-widget-container\">\n\t\t\t\t\t<div class=\"elementor-button-wrapper\">\n\t\t\t<a href=\"https:\/\/middelfartcykeludlejning.dk\/\" class=\"elementor-button-link elementor-button elementor-size-sm\" role=\"button\">\n\t\t\t\t\t\t<span class=\"elementor-button-content-wrapper\">\n\t\t\t\t\t\t<span class=\"elementor-button-text\">Tilbage til Hovedmenu<\/span>\n\t\t<\/span>\n\t\t\t\t\t<\/a>\n\t\t<\/div>\n\t\t\t\t<\/div>\n\t\t\t\t<\/div>\n\t\t\t\t\t<\/div>\n\t\t<\/div>\n\t\t\t\t\t\t\t<\/div>\n\t\t<\/section>\n\t\t\t\t<section class=\"elementor-section elementor-top-section elementor-element elementor-element-1570eb0 elementor-section-boxed elementor-section-height-default elementor-section-height-default\" data-id=\"1570eb0\" data-element_type=\"section\">\n\t\t\t\t\t\t<div class=\"elementor-container elementor-column-gap-default\">\n\t\t\t\t\t<div class=\"elementor-column elementor-col-100 elementor-top-column elementor-element elementor-element-a0bc971\" data-id=\"a0bc971\" data-element_type=\"column\">\n\t\t\t<div class=\"elementor-widget-wrap elementor-element-populated\">\n\t\t\t\t\t\t\t\t<div class=\"elementor-element elementor-element-e4e443b elementor-widget elementor-widget-google_maps\" data-id=\"e4e443b\" data-element_type=\"widget\" data-widget_type=\"google_maps.default\">\n\t\t\t\t<div class=\"elementor-widget-container\">\n\t\t\t<style>\/*! elementor - v3.13.3 - 28-05-2023 *\/\n.elementor-widget-google_maps .elementor-widget-container{overflow:hidden}.elementor-widget-google_maps .elementor-custom-embed{line-height:0}.elementor-widget-google_maps iframe{height:300px}<\/style>\t\t<div class=\"elementor-custom-embed\">\n\t\t\t<iframe loading=\"lazy\"\n\t\t\t\t\tsrc=\"https:\/\/maps.google.com\/maps?q=Behrendtsvej%208%2C%205500%20Middelfart&#038;t=m&#038;z=14&#038;output=embed&#038;iwloc=near\"\n\t\t\t\t\ttitle=\"Behrendtsvej 8, 5500 Middelfart\"\n\t\t\t\t\taria-label=\"Behrendtsvej 8, 5500 Middelfart\"\n\t\t\t><\/iframe>\n\t\t<\/div>\n\t\t\t\t<\/div>\n\t\t\t\t<\/div>\n\t\t\t\t\t<\/div>\n\t\t<\/div>\n\t\t\t\t\t\t\t<\/div>\n\t\t<\/section>\n\t\t\t\t\t\t\t<\/div>\n\t\t","protected":false},"excerpt":{"rendered":"<p>Lej en elcykel i Middelfart&nbsp;Oplev Middelfart og omegn p\u00e5 vores komfortable elcykler. Alle elcykler er damemodeller, hvilket g\u00f8r dem lette at stige af og p\u00e5, og sikrer en behagelig cykeltur. Op til 30 km p\u00e5 en opladning&nbsp;Elcyklerne passer personer mellem 160-180 cm&nbsp;350 kr\/ dag. Kontant ved afhentning eller mobilepay&nbsp;Cykelhjelm er inkluderet i prisen&nbsp;Gratis parkering ved [&hellip;]<\/p>\n","protected":false},"author":2,"featured_media":0,"parent":0,"menu_order":0,"comment_status":"closed","ping_status":"closed","template":"","meta":{"footnotes":""},"class_list":["post-391","page","type-page","status-publish","hentry"],"_links":{"self":[{"href":"https:\/\/middelfartcykeludlejning.dk\/index.php?rest_route=\/wp\/v2\/pages\/391","targetHints":{"allow":["GET"]}}],"collection":[{"href":"https:\/\/middelfartcykeludlejning.dk\/index.php?rest_route=\/wp\/v2\/pages"}],"about":[{"href":"https:\/\/middelfartcykeludlejning.dk\/index.php?rest_route=\/wp\/v2\/types\/page"}],"author":[{"embeddable":true,"href":"https:\/\/middelfartcykeludlejning.dk\/index.php?rest_route=\/wp\/v2\/users\/2"}],"replies":[{"embeddable":true,"href":"https:\/\/middelfartcykeludlejning.dk\/index.php?rest_route=%2Fwp%2Fv2%2Fcomments&post=391"}],"version-history":[{"count":33,"href":"https:\/\/middelfartcykeludlejning.dk\/index.php?rest_route=\/wp\/v2\/pages\/391\/revisions"}],"predecessor-version":[{"id":734,"href":"https:\/\/middelfartcykeludlejning.dk\/index.php?rest_route=\/wp\/v2\/pages\/391\/revisions\/734"}],"wp:attachment":[{"href":"https:\/\/middelfartcykeludlejning.dk\/index.php?rest_route=%2Fwp%2Fv2%2Fmedia&parent=391"}],"curies":[{"name":"wp","href":"https:\/\/api.w.org\/{rel}","templated":true}]}}