{"id":439,"date":"2023-06-02T13:35:32","date_gmt":"2023-06-02T11:35:32","guid":{"rendered":"https:\/\/middelfartcykeludlejning.dk\/?page_id=439"},"modified":"2026-02-12T10:22:50","modified_gmt":"2026-02-12T09:22:50","slug":"cykeltrailer-og-barnesaeder-spoerg-for-pris","status":"publish","type":"page","link":"https:\/\/middelfartcykeludlejning.dk\/?page_id=439","title":{"rendered":"Cykeltrailer og barnes\u00e6de &#8211; sp\u00f8rg for pris"},"content":{"rendered":"\t\t<div data-elementor-type=\"wp-page\" data-elementor-id=\"439\" class=\"elementor elementor-439\">\n\t\t\t\t\t\t\t\t\t<section class=\"elementor-section elementor-top-section elementor-element elementor-element-268d479 elementor-section-boxed elementor-section-height-default elementor-section-height-default\" data-id=\"268d479\" data-element_type=\"section\">\n\t\t\t\t\t\t<div class=\"elementor-container elementor-column-gap-default\">\n\t\t\t\t\t<div class=\"elementor-column elementor-col-100 elementor-top-column elementor-element elementor-element-0ceb496\" data-id=\"0ceb496\" data-element_type=\"column\">\n\t\t\t<div class=\"elementor-widget-wrap elementor-element-populated\">\n\t\t\t\t\t\t\t\t<div class=\"elementor-element elementor-element-d7311ff elementor-widget elementor-widget-image\" data-id=\"d7311ff\" data-element_type=\"widget\" data-widget_type=\"image.default\">\n\t\t\t\t<div class=\"elementor-widget-container\">\n\t\t\t<style>\/*! elementor - v3.13.3 - 28-05-2023 *\/\n.elementor-widget-image{text-align:center}.elementor-widget-image a{display:inline-block}.elementor-widget-image a img[src$=\".svg\"]{width:48px}.elementor-widget-image img{vertical-align:middle;display:inline-block}<\/style>\t\t\t\t\t\t\t\t\t\t\t\t<img loading=\"lazy\" decoding=\"async\" width=\"960\" height=\"640\" src=\"https:\/\/middelfartcykeludlejning.dk\/wp-content\/uploads\/2023\/05\/LB_L4071-1024x683.jpg\" class=\"attachment-large size-large wp-image-200\" alt=\"Cykeltrailer udlejes Middelfart Cykeludlejning\" srcset=\"https:\/\/middelfartcykeludlejning.dk\/wp-content\/uploads\/2023\/05\/LB_L4071-1024x683.jpg 1024w, https:\/\/middelfartcykeludlejning.dk\/wp-content\/uploads\/2023\/05\/LB_L4071-300x200.jpg 300w, https:\/\/middelfartcykeludlejning.dk\/wp-content\/uploads\/2023\/05\/LB_L4071-768x512.jpg 768w, https:\/\/middelfartcykeludlejning.dk\/wp-content\/uploads\/2023\/05\/LB_L4071-1536x1024.jpg 1536w, https:\/\/middelfartcykeludlejning.dk\/wp-content\/uploads\/2023\/05\/LB_L4071-2048x1365.jpg 2048w\" sizes=\"auto, (max-width: 960px) 100vw, 960px\" \/>\t\t\t\t\t\t\t\t\t\t\t\t\t\t\t<\/div>\n\t\t\t\t<\/div>\n\t\t\t\t\t<\/div>\n\t\t<\/div>\n\t\t\t\t\t\t\t<\/div>\n\t\t<\/section>\n\t\t\t\t<section class=\"elementor-section elementor-top-section elementor-element elementor-element-aabc845 elementor-section-boxed elementor-section-height-default elementor-section-height-default\" data-id=\"aabc845\" data-element_type=\"section\">\n\t\t\t\t\t\t<div class=\"elementor-container elementor-column-gap-default\">\n\t\t\t\t\t<div class=\"elementor-column elementor-col-100 elementor-top-column elementor-element elementor-element-c4b214e\" data-id=\"c4b214e\" data-element_type=\"column\">\n\t\t\t<div class=\"elementor-widget-wrap elementor-element-populated\">\n\t\t\t\t\t\t\t\t<div class=\"elementor-element elementor-element-b13fb97 elementor-widget elementor-widget-text-editor\" data-id=\"b13fb97\" data-element_type=\"widget\" data-widget_type=\"text-editor.default\">\n\t\t\t\t<div class=\"elementor-widget-container\">\n\t\t\t<style>\/*! elementor - v3.13.3 - 28-05-2023 *\/\n.elementor-widget-text-editor.elementor-drop-cap-view-stacked .elementor-drop-cap{background-color:#69727d;color:#fff}.elementor-widget-text-editor.elementor-drop-cap-view-framed .elementor-drop-cap{color:#69727d;border:3px solid;background-color:transparent}.elementor-widget-text-editor:not(.elementor-drop-cap-view-default) .elementor-drop-cap{margin-top:8px}.elementor-widget-text-editor:not(.elementor-drop-cap-view-default) .elementor-drop-cap-letter{width:1em;height:1em}.elementor-widget-text-editor .elementor-drop-cap{float:left;text-align:center;line-height:1;font-size:50px}.elementor-widget-text-editor .elementor-drop-cap-letter{display:inline-block}<\/style>\t\t\t\t<p>Lej en cykeltrailer eller et barnes\u00e6de i Middelfart.<br><span style=\"font-size: 1rem;\">Tag hele familien med p\u00e5 cykelturen! Hos os har du mulighed for at leje en praktisk cykeltrailer eller et sikkert barnes\u00e6de til dine b\u00f8rn. Nyd turen i trygge rammer, mens b\u00f8rnene sidder komfortabelt og sikkert.<\/span><\/p>\n<p>Prisen for leje af cykeltrailer eller barnes\u00e6de oplyses ved foresp\u00f8rgsel.&nbsp;<\/p>\n<p><\/p>\n<div><span style=\"font-weight: bold; font-size: 1rem;\">&nbsp;<\/span><\/div>\n<p><b>Book nu:<\/b><br><a href=\"mailto:mail@middelfartcykeludlejning.dk\">mail@middelfartcykeludlejning.dk<\/a><br><b>+4540519497<\/b><\/p>\n<p><u style=\"font-size: 1rem;\">Leje af cykel og udstyr er p\u00e5 eget ansvar<\/u><\/p>\t\t\t\t\t\t<\/div>\n\t\t\t\t<\/div>\n\t\t\t\t\t<\/div>\n\t\t<\/div>\n\t\t\t\t\t\t\t<\/div>\n\t\t<\/section>\n\t\t\t\t<section class=\"elementor-section elementor-top-section elementor-element elementor-element-9f3d467 elementor-section-boxed elementor-section-height-default elementor-section-height-default\" data-id=\"9f3d467\" data-element_type=\"section\">\n\t\t\t\t\t\t<div class=\"elementor-container elementor-column-gap-default\">\n\t\t\t\t\t<div class=\"elementor-column elementor-col-100 elementor-top-column elementor-element elementor-element-6ddccc8\" data-id=\"6ddccc8\" data-element_type=\"column\">\n\t\t\t<div class=\"elementor-widget-wrap elementor-element-populated\">\n\t\t\t\t\t\t\t\t<div class=\"elementor-element elementor-element-10946b4 elementor-button-danger elementor-widget elementor-widget-button\" data-id=\"10946b4\" data-element_type=\"widget\" data-widget_type=\"button.default\">\n\t\t\t\t<div class=\"elementor-widget-container\">\n\t\t\t\t\t<div class=\"elementor-button-wrapper\">\n\t\t\t<a href=\"https:\/\/middelfartcykeludlejning.dk\/\" class=\"elementor-button-link elementor-button elementor-size-sm\" role=\"button\">\n\t\t\t\t\t\t<span class=\"elementor-button-content-wrapper\">\n\t\t\t\t\t\t<span class=\"elementor-button-text\">Tilbage til Hovedmenu<\/span>\n\t\t<\/span>\n\t\t\t\t\t<\/a>\n\t\t<\/div>\n\t\t\t\t<\/div>\n\t\t\t\t<\/div>\n\t\t\t\t<div class=\"elementor-element elementor-element-dcb09e2 elementor-widget elementor-widget-google_maps\" data-id=\"dcb09e2\" data-element_type=\"widget\" data-widget_type=\"google_maps.default\">\n\t\t\t\t<div class=\"elementor-widget-container\">\n\t\t\t<style>\/*! elementor - v3.13.3 - 28-05-2023 *\/\n.elementor-widget-google_maps .elementor-widget-container{overflow:hidden}.elementor-widget-google_maps .elementor-custom-embed{line-height:0}.elementor-widget-google_maps iframe{height:300px}<\/style>\t\t<div class=\"elementor-custom-embed\">\n\t\t\t<iframe loading=\"lazy\"\n\t\t\t\t\tsrc=\"https:\/\/maps.google.com\/maps?q=Behrendtsvej%208%2C%205500%20Middelfart&#038;t=m&#038;z=14&#038;output=embed&#038;iwloc=near\"\n\t\t\t\t\ttitle=\"Behrendtsvej 8, 5500 Middelfart\"\n\t\t\t\t\taria-label=\"Behrendtsvej 8, 5500 Middelfart\"\n\t\t\t><\/iframe>\n\t\t<\/div>\n\t\t\t\t<\/div>\n\t\t\t\t<\/div>\n\t\t\t\t\t<\/div>\n\t\t<\/div>\n\t\t\t\t\t\t\t<\/div>\n\t\t<\/section>\n\t\t\t\t\t\t\t<\/div>\n\t\t","protected":false},"excerpt":{"rendered":"<p>Lej en cykeltrailer eller et barnes\u00e6de i Middelfart.Tag hele familien med p\u00e5 cykelturen! Hos os har du mulighed for at leje en praktisk cykeltrailer eller et sikkert barnes\u00e6de til dine b\u00f8rn. Nyd turen i trygge rammer, mens b\u00f8rnene sidder komfortabelt og sikkert. Prisen for leje af cykeltrailer eller barnes\u00e6de oplyses ved foresp\u00f8rgsel.&nbsp; &nbsp; Book nu:mail@middelfartcykeludlejning.dk+4540519497 [&hellip;]<\/p>\n","protected":false},"author":2,"featured_media":0,"parent":0,"menu_order":0,"comment_status":"closed","ping_status":"closed","template":"","meta":{"footnotes":""},"class_list":["post-439","page","type-page","status-publish","hentry"],"_links":{"self":[{"href":"https:\/\/middelfartcykeludlejning.dk\/index.php?rest_route=\/wp\/v2\/pages\/439","targetHints":{"allow":["GET"]}}],"collection":[{"href":"https:\/\/middelfartcykeludlejning.dk\/index.php?rest_route=\/wp\/v2\/pages"}],"about":[{"href":"https:\/\/middelfartcykeludlejning.dk\/index.php?rest_route=\/wp\/v2\/types\/page"}],"author":[{"embeddable":true,"href":"https:\/\/middelfartcykeludlejning.dk\/index.php?rest_route=\/wp\/v2\/users\/2"}],"replies":[{"embeddable":true,"href":"https:\/\/middelfartcykeludlejning.dk\/index.php?rest_route=%2Fwp%2Fv2%2Fcomments&post=439"}],"version-history":[{"count":33,"href":"https:\/\/middelfartcykeludlejning.dk\/index.php?rest_route=\/wp\/v2\/pages\/439\/revisions"}],"predecessor-version":[{"id":741,"href":"https:\/\/middelfartcykeludlejning.dk\/index.php?rest_route=\/wp\/v2\/pages\/439\/revisions\/741"}],"wp:attachment":[{"href":"https:\/\/middelfartcykeludlejning.dk\/index.php?rest_route=%2Fwp%2Fv2%2Fmedia&parent=439"}],"curies":[{"name":"wp","href":"https:\/\/api.w.org\/{rel}","templated":true}]}}